{"id":1155,"date":"2019-09-02T08:07:31","date_gmt":"2019-09-02T08:07:31","guid":{"rendered":"https:\/\/medekichiltme.az\/?page_id=1155"},"modified":"2022-06-08T06:42:21","modified_gmt":"2022-06-08T06:42:21","slug":"haqqimda","status":"publish","type":"page","link":"https:\/\/medekichiltme.az\/ru\/haqqimda\/","title":{"rendered":"\u041e \u043d\u0430\u0441"},"content":{"rendered":"\t\t<div data-elementor-type=\"wp-post\" data-elementor-id=\"1155\" class=\"elementor elementor-1155\">\n\t\t\t\t\t\t<div class=\"elementor-inner\">\n\t\t\t\t<div class=\"elementor-section-wrap\">\n\t\t\t\t\t\t\t\t\t<section class=\"elementor-section elementor-top-section elementor-element elementor-element-236888e elementor-section-boxed elementor-section-height-default elementor-section-height-default\" data-id=\"236888e\" data-element_type=\"section\">\n\t\t\t\t\t\t<div class=\"elementor-container elementor-column-gap-default\">\n\t\t\t\t\t\t\t<div class=\"elementor-row\">\n\t\t\t\t\t<div class=\"elementor-column elementor-col-100 elementor-top-column elementor-element elementor-element-8273ffa\" data-id=\"8273ffa\" data-element_type=\"column\">\n\t\t\t<div class=\"elementor-column-wrap elementor-element-populated\">\n\t\t\t\t\t\t\t<div class=\"elementor-widget-wrap\">\n\t\t\t\t\t\t<div class=\"elementor-element elementor-element-44fb2b3 elementor-widget elementor-widget-spacer\" data-id=\"44fb2b3\" data-element_type=\"widget\" data-widget_type=\"spacer.default\">\n\t\t\t\t<div class=\"elementor-widget-container\">\n\t\t\t\t\t<div class=\"elementor-spacer\">\n\t\t\t<div class=\"elementor-spacer-inner\"><\/div>\n\t\t<\/div>\n\t\t\t\t<\/div>\n\t\t\t\t<\/div>\n\t\t\t\t\t\t<\/div>\n\t\t\t\t\t<\/div>\n\t\t<\/div>\n\t\t\t\t\t\t\t\t<\/div>\n\t\t\t\t\t<\/div>\n\t\t<\/section>\n\t\t\t\t<section class=\"elementor-section elementor-top-section elementor-element elementor-element-f756fd7 elementor-section-boxed elementor-section-height-default elementor-section-height-default\" data-id=\"f756fd7\" data-element_type=\"section\">\n\t\t\t\t\t\t<div class=\"elementor-container elementor-column-gap-default\">\n\t\t\t\t\t\t\t<div class=\"elementor-row\">\n\t\t\t\t\t<div class=\"elementor-column elementor-col-33 elementor-top-column elementor-element elementor-element-42e2c60\" data-id=\"42e2c60\" data-element_type=\"column\">\n\t\t\t<div class=\"elementor-column-wrap elementor-element-populated\">\n\t\t\t\t\t\t\t<div class=\"elementor-widget-wrap\">\n\t\t\t\t\t\t<div class=\"elementor-element elementor-element-4d90e8f elementor-widget elementor-widget-image\" data-id=\"4d90e8f\" data-element_type=\"widget\" data-widget_type=\"image.default\">\n\t\t\t\t<div class=\"elementor-widget-container\">\n\t\t\t\t\t\t\t\t<div class=\"elementor-image\">\n\t\t\t\t\t\t\t\t\t\t\t\t<img width=\"603\" height=\"752\" src=\"https:\/\/medekichiltme.az\/wp-content\/uploads\/2022\/05\/888.jpg\" class=\"attachment-large size-large\" alt=\"\" loading=\"lazy\" srcset=\"https:\/\/medekichiltme.az\/wp-content\/uploads\/2022\/05\/888.jpg 603w, https:\/\/medekichiltme.az\/wp-content\/uploads\/2022\/05\/888-241x300.jpg 241w, https:\/\/medekichiltme.az\/wp-content\/uploads\/2022\/05\/888-600x748.jpg 600w\" sizes=\"(max-width: 603px) 100vw, 603px\" \/>\t\t\t\t\t\t\t\t\t\t\t\t\t\t<\/div>\n\t\t\t\t\t\t<\/div>\n\t\t\t\t<\/div>\n\t\t\t\t\t\t<\/div>\n\t\t\t\t\t<\/div>\n\t\t<\/div>\n\t\t\t\t<div class=\"elementor-column elementor-col-66 elementor-top-column elementor-element elementor-element-0416556\" data-id=\"0416556\" data-element_type=\"column\">\n\t\t\t<div class=\"elementor-column-wrap elementor-element-populated\">\n\t\t\t\t\t\t\t<div class=\"elementor-widget-wrap\">\n\t\t\t\t\t\t<div class=\"elementor-element elementor-element-73589b4 elementor-widget elementor-widget-text-editor\" data-id=\"73589b4\" data-element_type=\"widget\" data-widget_type=\"text-editor.default\">\n\t\t\t\t<div class=\"elementor-widget-container\">\n\t\t\t\t\t\t\t\t<div class=\"elementor-text-editor elementor-clearfix\">\n\t\t\t\t<span style=\"font-size:15px;\">Dr. R\u0259fiyev F\u0259rid S\u0259xav\u0259t o\u011flu 1981-ci ild\u0259 Bak\u0131 \u015f\u0259h\u0259rind\u0259 anadan olub. 1998-ci ild\u0259 orta m\u0259kt\u0259bi f\u0259rql\u0259nm\u0259 il\u0259 bitirdikd\u0259n sonra h\u0259min il ATU-nin m\u00fcalic\u0259-profilaktika fak\u00fclt\u0259sin\u0259 daxil olmu\u015fdur. 2004-c\u00fc ild\u0259 f\u0259rql\u0259nm\u0259 diploma il\u0259 Universiteti bitirmi\u015fdir. 2004-2006-c\u0131 ill\u0259r \u0259rzind\u0259 1-ci c\u0259rrahi x\u0259st\u0259likl\u0259r kafedras\u0131nda klinik-ordinator v\u0259zif\u0259sind\u0259 \u00e7al\u0131\u015f\u0131b. 2006-2009-cu ill\u0259r \u0259rzind\u0259 h\u0259min kafedran\u0131n aspirant\u0131 v\u0259zif\u0259sind\u0259 \u00e7al\u0131\u015f\u0131b. \u0130\u015fl\u0259diyi ill\u0259r \u0259rzind\u0259 21 m\u0259qal\u0259, 1 ixtira, 3 s\u0259m\u0259r\u0259l\u0259\u015fdirici t\u0259klifin m\u00fc\u0259llifidir. 2007-ci ild\u0259 \u201cMiniinvaziv c\u0259rrahiyy\u0259\u201d \u201cLaparoskopik c\u0259rrahiyy\u0259\u201d kurslar\u0131n\u0131 Almaniyan\u0131n (Berlin \u015f\u0259h\u0259ri) \u201cVivantes Humbolt klinikum\u201d v\u0259 \u201cDrK klinikum Westend\u201d klinikalar\u0131nda \u00e7al\u0131\u015fm\u0131\u015fd\u0131r. Prof. Dr.Ernest Kraas-\u0131n \u201cLaparoskopik c\u0259rrahiyy\u0259nin m\u00fct\u0259x\u0259ssis\u201d ad\u0131na layiq g\u00f6r\u00fclm\u00fc\u015fd\u00fcr. 2008-ci ild\u0259 T\u00fcrkiy\u0259nin \u0130stanbul \u015f\u0259h\u0259rind\u0259 \u201c\u0130stanbul c\u0259rrahi hastanesi.\u201d klinikalar\u0131nda h\u0259kim-c\u0259rrah v\u0259zif\u0259sind\u0259 \u00e7al\u0131\u015f\u0131b. \u0130\u015fl\u0259diyi elmi \u0259s\u0259rl\u0259r s\u0131ras\u0131nda \u201cLaparoskopik fundoplikasiya a\u011f\u0131rla\u015fmalar\u0131n\u0131n profilaktikas\u0131\u201d m\u00f6vzusunda tibb elml\u0259ri \u00fczr\u0259 f\u0259ls\u0259f\u0259 doktoru (PhD) ad\u0131na layiq g\u00f6r\u00fcl\u00fcb. 2011-cu ild\u0259 Fransan\u0131n Klermont \u015f\u0259h\u0259rind\u0259 \u201cC\u0130CE\u201d kurslar\u0131n\u0131 f\u0259rql\u0259nm\u0259 il\u0259 bitir\u0259r\u0259k prof.Bruhat-\u0131n diplomu il\u0259 t\u0259ltif edilib. 2014-2016-c\u0131 ill\u0259rd\u0259 \u201c\u0130L\u0130N H\u018fK\u0130M\u0130\u201d f\u0259xri m\u00fckafata layiq g\u00f6r\u00fcl\u00fcb. 2007-2015-ci ill\u0259rd\u0259 Uniklinika x\u0259st\u0259xanas\u0131n\u0131n c\u0259rrahiyy\u0259 \u015f\u00f6b\u0259sinin m\u00fcdiri, 2015-d\u0259n etibar\u0259n Medera Hospitalda C\u0259rrahiyy\u0259 \u015e\u00f6b\u0259sinin M\u00fcdiri v\u0259zif\u0259sind\u0259 \u00e7al\u0131\u015f\u0131r. 2018-ci ild\u0259 The international Mini Gastric Bypass Surgeon of Excellence Bronze Certification m\u00fckafat\u0131na layiq g\u00f6r\u00fcl\u00fcb 2021-ci ild\u0259 Strasburq \u015f\u0259h\u0259rind\u0259 ke\u00e7iril\u0259n \u0130rcad Certificate of training in minimal access surgery kursunu u\u011furla bitirib Beynalxalq kongresl\u0259rd\u0259 m\u00fcnt\u0259z\u0259m m\u0259ruz\u0259\u00e7i rolunda i\u015ftirak edir \u0130FSO- the International Federation for the Surgery of OBESITY AND METABOLIC DISORDERS -h\u0259qiqi \u00fczv\u00fc \u0130BC- \u0130nternational Bariatric Club- h\u0259qiqi \u00fczv\u00fc Ail\u0259lidir. 4 \u00f6vlad\u0131 var<\/span>\t\t\t\t\t<\/div>\n\t\t\t\t\t\t<\/div>\n\t\t\t\t<\/div>\n\t\t\t\t\t\t<\/div>\n\t\t\t\t\t<\/div>\n\t\t<\/div>\n\t\t\t\t\t\t\t\t<\/div>\n\t\t\t\t\t<\/div>\n\t\t<\/section>\n\t\t\t\t<section class=\"elementor-section elementor-top-section elementor-element elementor-element-1c55e90 elementor-section-boxed elementor-section-height-default elementor-section-height-default\" data-id=\"1c55e90\" data-element_type=\"section\">\n\t\t\t\t\t\t<div class=\"elementor-container elementor-column-gap-default\">\n\t\t\t\t\t\t\t<div class=\"elementor-row\">\n\t\t\t\t\t<div class=\"elementor-column elementor-col-100 elementor-top-column elementor-element elementor-element-16e3541\" data-id=\"16e3541\" data-element_type=\"column\">\n\t\t\t<div class=\"elementor-column-wrap elementor-element-populated\">\n\t\t\t\t\t\t\t<div class=\"elementor-widget-wrap\">\n\t\t\t\t\t\t<div class=\"elementor-element elementor-element-35cb6a1 elementor-widget elementor-widget-spacer\" data-id=\"35cb6a1\" data-element_type=\"widget\" data-widget_type=\"spacer.default\">\n\t\t\t\t<div class=\"elementor-widget-container\">\n\t\t\t\t\t<div class=\"elementor-spacer\">\n\t\t\t<div class=\"elementor-spacer-inner\"><\/div>\n\t\t<\/div>\n\t\t\t\t<\/div>\n\t\t\t\t<\/div>\n\t\t\t\t\t\t<\/div>\n\t\t\t\t\t<\/div>\n\t\t<\/div>\n\t\t\t\t\t\t\t\t<\/div>\n\t\t\t\t\t<\/div>\n\t\t<\/section>\n\t\t\t\t<section class=\"elementor-section elementor-top-section elementor-element elementor-element-40dbaac elementor-section-boxed elementor-section-height-default elementor-section-height-default\" data-id=\"40dbaac\" data-element_type=\"section\">\n\t\t\t\t\t\t<div class=\"elementor-container elementor-column-gap-default\">\n\t\t\t\t\t\t\t<div class=\"elementor-row\">\n\t\t\t\t\t<div class=\"elementor-column elementor-col-100 elementor-top-column elementor-element elementor-element-82d23fe\" data-id=\"82d23fe\" data-element_type=\"column\">\n\t\t\t<div class=\"elementor-column-wrap elementor-element-populated\">\n\t\t\t\t\t\t\t<div class=\"elementor-widget-wrap\">\n\t\t\t\t\t\t<div class=\"elementor-element elementor-element-9013132 elementor-widget elementor-widget-heading\" data-id=\"9013132\" data-element_type=\"widget\" data-widget_type=\"heading.default\">\n\t\t\t\t<div class=\"elementor-widget-container\">\n\t\t\t<h2 class=\"elementor-heading-title elementor-size-default\">Sertifikatlar\u0131m<\/h2>\t\t<\/div>\n\t\t\t\t<\/div>\n\t\t\t\t<div class=\"elementor-element elementor-element-2b89a41 elementor-widget elementor-widget-text-editor\" data-id=\"2b89a41\" data-element_type=\"widget\" data-widget_type=\"text-editor.default\">\n\t\t\t\t<div class=\"elementor-widget-container\">\n\t\t\t\t\t\t\t\t<div class=\"elementor-text-editor elementor-clearfix\">\n\t\t\t\t\t\t<div id=\"grsGal0\" class=\"grsGal0 grsTemplate2\">\t\t\t<div class=\"grsGalCont\" ng-controller=\"grsThumbnail0\" ng-show=\"params.cssReady\" >\t\t\t\t<grs-thumbnail params=\"params\" resize scroll><\/grs-thumbnail>\t\t\t<\/div>\t\t<\/div>\t\t\t\t\t<script>\t\t\tvar grsAtts0 = jQuery.parseJSON('{\"id\":\"5\",\"view\":\"Thumbnail\",\"theme\":\"2\",\"width\":\"200\",\"height\":\"160\",\"contwidth\":\"100\",\"imagesperpage\":\"20\",\"pagination\":\"loadMore\",\"title\":\"onhover\",\"orderby\":\"order\",\"ordering\":\"ASC\",\"polaroid\":\"0\",\"clickaction\":\"openLightbox\",\"openlinktarget\":\"_top\",\"lightboxwidth\":\"800\",\"lightboxheight\":\"600\",\"lightboxfilmstrip\":\"undefined\",\"lightboxcomment\":\"undefined\",\"lightboxcontbutts\":\"1\",\"lightboxfullw\":\"1\",\"lightboxfbutt\":\"1\",\"lightboxtbutt\":\"1\",\"lightboxpbutt\":\"1\",\"lightboxtbbutt\":\"1\",\"lightboxlibutt\":\"1\",\"lightboxreddbutt\":\"1\",\"lightboxfsbutt\":\"1\",\"lightboxap\":\"1\",\"lightboxapin\":\"3\",\"lightboximinf\":\"1\",\"lightboxswipe\":\"1\",\"lightboximcn\":\"1\",\"lightboxeffect\":\"fade\",\"themeLastModDate\":\"1653236086\"}');\t\t\tgrsApp.controller('grsThumbnail0', ['$scope', '$filter', '$log',\t\t\t\tfunction ($scope, $filter, $log) {\t\t\t\t\t$scope.params = {\t\t\t\t\t\tshatts: grsAtts0,\t\t\t\t\t\tgrs: '0',\t\t\t\t\t\tdata: {\t\t\t\t\t\t\timages : [],\t\t\t\t\t\t\tcomments: [],\t\t\t\t\t\t\ttheme: {}\t\t\t\t\t\t},\t\t\t\t\t\tcssReady: false\t\t\t\t\t};\t\t\t\t\tinsertCss(grsAtts0, '0');\t\t\t\t}\t\t\t]);\t\t<\/script>\t\t\t\t\t\t\t<\/div>\n\t\t\t\t\t\t<\/div>\n\t\t\t\t<\/div>\n\t\t\t\t\t\t<\/div>\n\t\t\t\t\t<\/div>\n\t\t<\/div>\n\t\t\t\t\t\t\t\t<\/div>\n\t\t\t\t\t<\/div>\n\t\t<\/section>\n\t\t\t\t<section class=\"elementor-section elementor-top-section elementor-element elementor-element-0b7be8e elementor-section-boxed elementor-section-height-default elementor-section-height-default\" data-id=\"0b7be8e\" data-element_type=\"section\">\n\t\t\t\t\t\t<div class=\"elementor-container elementor-column-gap-default\">\n\t\t\t\t\t\t\t<div class=\"elementor-row\">\n\t\t\t\t\t<div class=\"elementor-column elementor-col-100 elementor-top-column elementor-element elementor-element-2811da5\" data-id=\"2811da5\" data-element_type=\"column\">\n\t\t\t<div class=\"elementor-column-wrap\">\n\t\t\t\t\t\t\t<div class=\"elementor-widget-wrap\">\n\t\t\t\t\t\t\t\t<\/div>\n\t\t\t\t\t<\/div>\n\t\t<\/div>\n\t\t\t\t\t\t\t\t<\/div>\n\t\t\t\t\t<\/div>\n\t\t<\/section>\n\t\t\t\t\t\t\t\t\t<\/div>\n\t\t\t<\/div>\n\t\t\t\t\t<\/div>\n\t\t","protected":false},"excerpt":{"rendered":"<p>Dr. R\u0259fiyev F\u0259rid S\u0259xav\u0259t o\u011flu 1981-ci ild\u0259 Bak\u0131 \u015f\u0259h\u0259rind\u0259 anadan olub. 1998-ci ild\u0259 orta m\u0259kt\u0259bi f\u0259rql\u0259nm\u0259 il\u0259 bitirdikd\u0259n sonra h\u0259min il ATU-nin m\u00fcalic\u0259-profilaktika fak\u00fclt\u0259sin\u0259 daxil olmu\u015fdur. 2004-c\u00fc ild\u0259 f\u0259rql\u0259nm\u0259 diploma il\u0259 Universiteti bitirmi\u015fdir. 2004-2006-c\u0131 ill\u0259r \u0259rzind\u0259 1-ci c\u0259rrahi x\u0259st\u0259likl\u0259r kafedras\u0131nda klinik-ordinator v\u0259zif\u0259sind\u0259 \u00e7al\u0131\u015f\u0131b. 2006-2009-cu ill\u0259r \u0259rzind\u0259 h\u0259min kafedran\u0131n aspirant\u0131 v\u0259zif\u0259sind\u0259 \u00e7al\u0131\u015f\u0131b. \u0130\u015fl\u0259diyi ill\u0259r \u0259rzind\u0259 21 [&hellip;]<\/p>\n","protected":false},"author":1,"featured_media":0,"parent":0,"menu_order":0,"comment_status":"closed","ping_status":"closed","template":"template\/template-page.php","meta":[],"_links":{"self":[{"href":"https:\/\/medekichiltme.az\/ru\/wp-json\/wp\/v2\/pages\/1155"}],"collection":[{"href":"https:\/\/medekichiltme.az\/ru\/wp-json\/wp\/v2\/pages"}],"about":[{"href":"https:\/\/medekichiltme.az\/ru\/wp-json\/wp\/v2\/types\/page"}],"author":[{"embeddable":true,"href":"https:\/\/medekichiltme.az\/ru\/wp-json\/wp\/v2\/users\/1"}],"replies":[{"embeddable":true,"href":"https:\/\/medekichiltme.az\/ru\/wp-json\/wp\/v2\/comments?post=1155"}],"version-history":[{"count":30,"href":"https:\/\/medekichiltme.az\/ru\/wp-json\/wp\/v2\/pages\/1155\/revisions"}],"predecessor-version":[{"id":6066,"href":"https:\/\/medekichiltme.az\/ru\/wp-json\/wp\/v2\/pages\/1155\/revisions\/6066"}],"wp:attachment":[{"href":"https:\/\/medekichiltme.az\/ru\/wp-json\/wp\/v2\/media?parent=1155"}],"curies":[{"name":"wp","href":"https:\/\/api.w.org\/{rel}","templated":true}]}}