{"id":5705,"date":"2022-06-01T20:01:27","date_gmt":"2022-06-01T20:01:27","guid":{"rendered":"https:\/\/medekichiltme.az\/?page_id=5705"},"modified":"2022-06-15T09:56:07","modified_gmt":"2022-06-15T09:56:07","slug":"bti-kalkulator","status":"publish","type":"page","link":"https:\/\/medekichiltme.az\/ru\/bti-kalkulator\/","title":{"rendered":"\u0418\u043d\u0434\u0435\u043a\u0441 \u043c\u0430\u0441\u0441\u044b \u0442\u0435\u043b\u0430"},"content":{"rendered":"\t\t<div data-elementor-type=\"wp-page\" data-elementor-id=\"5705\" class=\"elementor elementor-5705\">\n\t\t\t\t\t\t<div class=\"elementor-inner\">\n\t\t\t\t<div class=\"elementor-section-wrap\">\n\t\t\t\t\t\t\t\t\t<section class=\"elementor-section elementor-top-section elementor-element elementor-element-cabcbcf elementor-section-boxed elementor-section-height-default elementor-section-height-default\" data-id=\"cabcbcf\" data-element_type=\"section\">\n\t\t\t\t\t\t<div class=\"elementor-container elementor-column-gap-default\">\n\t\t\t\t\t\t\t<div class=\"elementor-row\">\n\t\t\t\t\t<div class=\"elementor-column elementor-col-100 elementor-top-column elementor-element elementor-element-1e11a7b\" data-id=\"1e11a7b\" data-element_type=\"column\">\n\t\t\t<div class=\"elementor-column-wrap elementor-element-populated\">\n\t\t\t\t\t\t\t<div class=\"elementor-widget-wrap\">\n\t\t\t\t\t\t<div class=\"elementor-element elementor-element-baecd13 elementor-widget elementor-widget-spacer\" data-id=\"baecd13\" data-element_type=\"widget\" data-widget_type=\"spacer.default\">\n\t\t\t\t<div class=\"elementor-widget-container\">\n\t\t\t\t\t<div class=\"elementor-spacer\">\n\t\t\t<div class=\"elementor-spacer-inner\"><\/div>\n\t\t<\/div>\n\t\t\t\t<\/div>\n\t\t\t\t<\/div>\n\t\t\t\t\t\t<\/div>\n\t\t\t\t\t<\/div>\n\t\t<\/div>\n\t\t\t\t\t\t\t\t<\/div>\n\t\t\t\t\t<\/div>\n\t\t<\/section>\n\t\t\t\t<section class=\"elementor-section elementor-top-section elementor-element elementor-element-bc14fc7 elementor-section-boxed elementor-section-height-default elementor-section-height-default\" data-id=\"bc14fc7\" data-element_type=\"section\">\n\t\t\t\t\t\t<div class=\"elementor-container elementor-column-gap-default\">\n\t\t\t\t\t\t\t<div class=\"elementor-row\">\n\t\t\t\t\t<div class=\"elementor-column elementor-col-100 elementor-top-column elementor-element elementor-element-e225fdc\" data-id=\"e225fdc\" data-element_type=\"column\">\n\t\t\t<div class=\"elementor-column-wrap elementor-element-populated\">\n\t\t\t\t\t\t\t<div class=\"elementor-widget-wrap\">\n\t\t\t\t\t\t<div class=\"elementor-element elementor-element-870a111 elementor-widget elementor-widget-html\" data-id=\"870a111\" data-element_type=\"widget\" data-widget_type=\"html.default\">\n\t\t\t\t<div class=\"elementor-widget-container\">\n\t\t\t\r\n\r\n<!DOCTYPE html>\r\n<html lang=\"en\">\r\n<head>\r\n    <title>BMI Calculator<\/title>\r\n    <!--Google Font-->\r\n    <link rel=\"preconnect\" href=\"https:\/\/fonts.gstatic.com\">\r\n<meta charset=\"utf8\">\r\n    <!--Stylesheet-->\r\n    <style media=\"screen\">\r\n    \t*,\r\n*:before,\r\n*:after{\r\n    padding: 0;\r\n    margin: 0;\r\n    box-sizing: border-box;\r\n}\r\n\r\n.container{\r\n    background-color: #ffffff;\r\n    padding: 30px 30px;     \r\n    width: 400px;\r\n    position: relative;\r\n   \/* transform: translate(-50%,-50%); *\/\r\n    top: 50%;\r\n    \/*   left: 50%; *\/\r\n    border-radius: 5px;\r\n    font-family: 'Poppins',sans-serif;\r\n    box-shadow: 25px 25px 30px rgba(0,0,0,0.15);\r\n}\r\n.container h1{\r\n\tbackground: #117bc1;\r\n\tcolor: white;\r\n\ttext-align: center;\r\n\tfont-size: 23px;\r\n\tletter-spacing: 1px;\r\n\tmargin-top: -30px;\r\n\tmargin-left: -30px;\r\n\tmargin-right: -30px;\r\n\tmargin-bottom: 40px;\r\n}\r\n.row{\r\n    display: flex;\r\n    align-items: center;\r\n    justify-content: space-between;\r\n    margin-bottom: 40px;\r\n}\r\n.row span{\r\n    font-weight: 500;\r\n}\r\ninput[type=\"range\"]{\r\n    width: 70%;\r\n    height: 3.5px;\r\n    -webkit-appearance: none;\r\n    appearance: none;\r\n    background-color: #dcdcdc;\r\n    border-radius: 3px;\r\n    outline: none;\r\n}\r\ninput[type=\"range\"]::-webkit-slider-thumb{\r\n    -webkit-appearance: none;\r\n    appearance: none;\r\n    height: 15px;\r\n    width: 15px;\r\n    background-color: #1c1c1c;\r\n    border-radius: 50%;\r\n    cursor: pointer;\r\n}\r\n#result{\r\n    font-size: 30px;\r\n    font-weight: 700;\r\n    letter-spacing: 1px;\r\n    text-align: center;\r\n    color: #0be881;\r\n}\r\n#category{\r\n    font-size: 18px;\r\n    text-align: center;\r\n    letter-spacing: 1px;\r\n}\r\n.display{\r\nbox-shadow: 0 0 20px rgba(0,139,253,0.25);\r\nmargin-bottom: 60px;\r\n}\r\n    <\/style>\r\n<\/head>\r\n<body>\r\n    <div class=\"container\">\r\n\t\t\t<h1>B\u0259d\u0259n indeksinin hesablanmas\u0131<\/h1>\r\n\t\t\t<div class=\"display\">\r\n\t\t\t\t        <p id=\"result\">20.0<\/p>\r\n\t\t\t\t            <p id=\"category\">Normal \u00e7\u0259ki<\/p>\r\n\t\t\t<\/div>\r\n        <div class=\"row\">\r\n            <input type=\"range\" min=\"20\" max=\"200\" value=\"20\" id=\"weight\" oninput=\"calculate()\">\r\n            <span id=\"weight-val\">20 kg<\/span>\r\n        <\/div>\r\n        <div class=\"row\">\r\n            <input type=\"range\" min=\"100\" max=\"250\" value=\"100\" id=\"height\" oninput=\"calculate()\">\r\n            <span id=\"height-val\">100 sm<\/span>\r\n        <\/div>\r\n\r\n\r\n    <\/div>\r\n\r\n    <!--Script-->\r\n       <script type=\"text\/javascript\">\r\nfunction calculate(){\r\n    var bmi;\r\n    var result = document.getElementById(\"result\");\r\n\r\n    var weight = parseInt(document.getElementById(\"weight\").value);\r\n    document.getElementById(\"weight-val\").textContent = weight + \" kg\";\r\n\r\n    var height = parseInt(document.getElementById(\"height\").value);\r\n    document.getElementById(\"height-val\").textContent = height + \" sm\";\r\n\r\n    bmi = (weight \/ Math.pow( (height\/100), 2 )).toFixed(1);\r\n    result.textContent = bmi;\r\n\r\n    if(bmi < 18.5){\r\n        category = \"Yaman ar\u0131qsan, k\u00f6k\u0259lm\u0259k laz\u0131md\u0131r biraz. \ud83d\ude12\";\r\n        result.style.color = \"#ffc44d\";\r\n    }\r\n    else if( bmi >= 18.5 && bmi <= 24.9 ){\r\n        category = \"T\u0259brik edir\u0259m, s\u0259n tam normal \u00e7\u0259kid\u0259s\u0259n! \ud83d\ude0d\";\r\n        result.style.color = \"#0be881\";\r\n    }\r\n    else if( bmi >= 25 && bmi <= 29.9 ){\r\n        category = \"Siz art\u0131q \u00e7\u0259kilisiniz, 1-ci d\u0259r\u0259c\u0259li piyl\u0259nm\u0259 m\u00fc\u015fahid\u0259 edilir\";\r\n        result.style.color = \"#ff884d\";\r\n    }\r\n     else if( bmi >= 30 && bmi <= 34 ){\r\n        category = \"M\u00fctl\u0259q dietoloqa m\u00fcraci\u0259t edin\";\r\n        result.style.color = \"#ff884d\";\r\n    }\r\n    else{\r\n        category = \"\u018fm\u0259liyyat olmal\u0131s\u0131n\u0131z \ud83d\ude31\";\r\n        result.style.color = \"#ff5e57\";\r\n    }\r\n    document.getElementById(\"category\").textContent = category;\r\n}\r\n    <\/script>\r\n<\/body>\r\n<\/html>\r\n\t\t<\/div>\n\t\t\t\t<\/div>\n\t\t\t\t\t\t<\/div>\n\t\t\t\t\t<\/div>\n\t\t<\/div>\n\t\t\t\t\t\t\t\t<\/div>\n\t\t\t\t\t<\/div>\n\t\t<\/section>\n\t\t\t\t\t\t\t\t\t<\/div>\n\t\t\t<\/div>\n\t\t\t\t\t<\/div>\n\t\t","protected":false},"excerpt":{"rendered":"<p>&nbsp; B\u0259d\u0259n indeksinin hesablanmas\u0131 20.0 Normal \u00e7\u0259ki 20 kg 100 sm<\/p>\n","protected":false},"author":1,"featured_media":0,"parent":0,"menu_order":0,"comment_status":"closed","ping_status":"closed","template":"template\/template-page.php","meta":[],"_links":{"self":[{"href":"https:\/\/medekichiltme.az\/ru\/wp-json\/wp\/v2\/pages\/5705"}],"collection":[{"href":"https:\/\/medekichiltme.az\/ru\/wp-json\/wp\/v2\/pages"}],"about":[{"href":"https:\/\/medekichiltme.az\/ru\/wp-json\/wp\/v2\/types\/page"}],"author":[{"embeddable":true,"href":"https:\/\/medekichiltme.az\/ru\/wp-json\/wp\/v2\/users\/1"}],"replies":[{"embeddable":true,"href":"https:\/\/medekichiltme.az\/ru\/wp-json\/wp\/v2\/comments?post=5705"}],"version-history":[{"count":60,"href":"https:\/\/medekichiltme.az\/ru\/wp-json\/wp\/v2\/pages\/5705\/revisions"}],"predecessor-version":[{"id":6166,"href":"https:\/\/medekichiltme.az\/ru\/wp-json\/wp\/v2\/pages\/5705\/revisions\/6166"}],"wp:attachment":[{"href":"https:\/\/medekichiltme.az\/ru\/wp-json\/wp\/v2\/media?parent=5705"}],"curies":[{"name":"wp","href":"https:\/\/api.w.org\/{rel}","templated":true}]}}