{"id":5784,"date":"2022-06-04T12:39:06","date_gmt":"2022-06-04T12:39:06","guid":{"rendered":"https:\/\/medekichiltme.az\/?page_id=5784"},"modified":"2022-06-15T09:58:54","modified_gmt":"2022-06-15T09:58:54","slug":"mini-gastric-by-pass","status":"publish","type":"page","link":"https:\/\/medekichiltme.az\/ru\/mini-gastric-by-pass\/","title":{"rendered":"\u041c\u0438\u043d\u0438 \u0433\u0430\u0441\u0442\u0440\u043e \u0448\u0443\u043d\u0442\u0438\u0440\u043e\u0432\u0430\u043d\u0438\u0435"},"content":{"rendered":"\t\t<div data-elementor-type=\"wp-page\" data-elementor-id=\"5784\" class=\"elementor elementor-5784\">\n\t\t\t\t\t\t<div class=\"elementor-inner\">\n\t\t\t\t<div class=\"elementor-section-wrap\">\n\t\t\t\t\t\t\t\t\t<section class=\"elementor-section elementor-top-section elementor-element elementor-element-4279e4a elementor-section-boxed elementor-section-height-default elementor-section-height-default\" data-id=\"4279e4a\" data-element_type=\"section\">\n\t\t\t\t\t\t<div class=\"elementor-container elementor-column-gap-default\">\n\t\t\t\t\t\t\t<div class=\"elementor-row\">\n\t\t\t\t\t<div class=\"elementor-column elementor-col-100 elementor-top-column elementor-element elementor-element-9c69e82\" data-id=\"9c69e82\" data-element_type=\"column\">\n\t\t\t<div class=\"elementor-column-wrap elementor-element-populated\">\n\t\t\t\t\t\t\t<div class=\"elementor-widget-wrap\">\n\t\t\t\t\t\t<div class=\"elementor-element elementor-element-e8dbff0 elementor-widget elementor-widget-spacer\" data-id=\"e8dbff0\" data-element_type=\"widget\" data-widget_type=\"spacer.default\">\n\t\t\t\t<div class=\"elementor-widget-container\">\n\t\t\t\t\t<div class=\"elementor-spacer\">\n\t\t\t<div class=\"elementor-spacer-inner\"><\/div>\n\t\t<\/div>\n\t\t\t\t<\/div>\n\t\t\t\t<\/div>\n\t\t\t\t\t\t<\/div>\n\t\t\t\t\t<\/div>\n\t\t<\/div>\n\t\t\t\t\t\t\t\t<\/div>\n\t\t\t\t\t<\/div>\n\t\t<\/section>\n\t\t\t\t<section class=\"elementor-section elementor-top-section elementor-element elementor-element-019c557 elementor-section-boxed elementor-section-height-default elementor-section-height-default\" data-id=\"019c557\" data-element_type=\"section\">\n\t\t\t\t\t\t<div class=\"elementor-container elementor-column-gap-default\">\n\t\t\t\t\t\t\t<div class=\"elementor-row\">\n\t\t\t\t\t<div class=\"elementor-column elementor-col-100 elementor-top-column elementor-element elementor-element-8b0be95\" data-id=\"8b0be95\" data-element_type=\"column\">\n\t\t\t<div class=\"elementor-column-wrap elementor-element-populated\">\n\t\t\t\t\t\t\t<div class=\"elementor-widget-wrap\">\n\t\t\t\t\t\t<div class=\"elementor-element elementor-element-09438ef elementor-widget elementor-widget-image\" data-id=\"09438ef\" data-element_type=\"widget\" data-widget_type=\"image.default\">\n\t\t\t\t<div class=\"elementor-widget-container\">\n\t\t\t\t\t\t\t\t<div class=\"elementor-image\">\n\t\t\t\t\t\t\t\t\t\t\t\t\t<a href=\"https:\/\/medekichiltme.az\/wp-content\/uploads\/2022\/06\/WhatsApp-Image-2022-06-02-at-8.55.23-PM.jpeg\" data-elementor-open-lightbox=\"yes\" data-elementor-lightbox-title=\"sheker\" e-action-hash=\"#elementor-action%3Aaction%3Dlightbox%26settings%3DeyJpZCI6NTc4NywidXJsIjoiaHR0cHM6XC9cL21lZGVraWNoaWx0bWUuYXpcL3dwLWNvbnRlbnRcL3VwbG9hZHNcLzIwMjJcLzA2XC9XaGF0c0FwcC1JbWFnZS0yMDIyLTA2LTAyLWF0LTguNTUuMjMtUE0uanBlZyJ9\">\n\t\t\t\t\t\t\t<img src=\"https:\/\/medekichiltme.az\/wp-content\/uploads\/elementor\/thumbs\/WhatsApp-Image-2022-06-02-at-8.55.23-PM-pptie3abpt7tceh5umuattlcjq8r51pannx5pwvn2g.jpeg\" title=\"sheker\" alt=\"sheker\" \/>\t\t\t\t\t\t\t\t<\/a>\n\t\t\t\t\t\t\t\t\t\t\t\t\t\t<\/div>\n\t\t\t\t\t\t<\/div>\n\t\t\t\t<\/div>\n\t\t\t\t\t\t<\/div>\n\t\t\t\t\t<\/div>\n\t\t<\/div>\n\t\t\t\t\t\t\t\t<\/div>\n\t\t\t\t\t<\/div>\n\t\t<\/section>\n\t\t\t\t<section class=\"elementor-section elementor-top-section elementor-element elementor-element-e023eed elementor-section-boxed elementor-section-height-default elementor-section-height-default\" data-id=\"e023eed\" data-element_type=\"section\">\n\t\t\t\t\t\t<div class=\"elementor-container elementor-column-gap-default\">\n\t\t\t\t\t\t\t<div class=\"elementor-row\">\n\t\t\t\t\t<div class=\"elementor-column elementor-col-100 elementor-top-column elementor-element elementor-element-ec2def5\" data-id=\"ec2def5\" data-element_type=\"column\">\n\t\t\t<div class=\"elementor-column-wrap elementor-element-populated\">\n\t\t\t\t\t\t\t<div class=\"elementor-widget-wrap\">\n\t\t\t\t\t\t<div class=\"elementor-element elementor-element-fc4ce4e elementor-widget elementor-widget-text-editor\" data-id=\"fc4ce4e\" data-element_type=\"widget\" data-widget_type=\"text-editor.default\">\n\t\t\t\t<div class=\"elementor-widget-container\">\n\t\t\t\t\t\t\t\t<div class=\"elementor-text-editor elementor-clearfix\">\n\t\t\t\t<p><strong>Mini Gastrik By Pass \u0259m\u0259liyyat\u0131<\/strong><br \/><strong>\u00d6lk\u0259mizd\u0259 geni\u015f yer alan Metabolik-bariatrik \u0259m\u0259liyyat olan Mini Qastrik By Pass \u0259m\u0259liyyat\u0131 is\u0259 mahiyy\u0259t bax\u0131m\u0131ndan f\u0259rqli bir \u0259m\u0259liyyatd\u0131r. &#171;\u015e\u0259k\u0259r \u0259leyhin\u0259 v\u0259 ya Diabet \u0259m\u0259liyyat\u0131&#187; kimi tan\u0131nan bu \u0259m\u0259liyyat ar\u0131qlamaqla b\u0259rab\u0259r ciddi \u015e\u0259k\u0259rli diabet kontroluna malikdir. <\/strong><br \/><strong>Bu nec\u0259 ba\u015f verir?<\/strong><br \/><strong>M\u0259d\u0259 ki\u00e7iltm\u0259 \u0259m\u0259liyyat\u0131ndan f\u0259rqli olan bu \u0259m\u0259liyyat n\u00f6v\u00fcnd\u0259 m\u0259d\u0259nin ayr\u0131lm\u0131\u015f b\u00f6y\u00fck bir hiss\u0259si yerind\u0259 qal\u0131r. Ki\u00e7ilmi\u015f hiss\u0259si is\u0259 bir ba\u015fa inc\u0259 ba\u011f\u0131rsa\u011fa birl\u0259\u015fdirilir. N\u0259tic\u0259d\u0259 m\u0259d\u0259 ki\u00e7il\u0259r\u0259k yem\u0259yin az yeyilm\u0259sin\u0259 bir t\u0259r\u0259fd\u0259n ar\u0131qlama\u011fa, dig\u0259r t\u0259r\u0259fd\u0259n yem\u0259yin birba\u015fa inc\u0259 ba\u011f\u0131rsa\u011fa ke\u00e7m\u0259kl\u0259 \u015f\u0259k\u0259rin v\u0259 karbohidratlar\u0131n sovrulmas\u0131na man\u0259 olaraq qanda \u015f\u0259k\u0259rin azalmas\u0131na ciddi t\u0259sir edir. Bel\u0259 halda insanlar h\u0259m ar\u0131qlay\u0131r, h\u0259md\u0259 diabet\u0259 \u0259ks\u0259r hallarda qalib g\u0259l\u0259 bilir<\/strong><br \/><strong>Kiml\u0259r\u0259 bu \u0259m\u0259liyyat olar??<\/strong><br \/><strong>Art\u0131q \u00e7\u0259kid\u0259n \u0259ziyy\u0259t \u00e7\u0259k\u0259n, \u00fcst\u0259lik ciddi \u015f\u0259k\u0259rli diabeti(2-ci tip \u015f\u0259k\u0259rli diabet) olan, bunun \u00fc\u00e7\u00fcn daima d\u0259rman q\u0259bul ed\u0259n(tabletl\u0259r v\u0259 insulin), 10 ild\u0259n art\u0131q olmayan diabet x\u0259st\u0259l\u0259rin\u0259 \u0259m\u0259liyyat uy\u011fundur.<\/strong><br \/><strong>Art\u0131q minl\u0259rl\u0259 insan bu yolla \u015e\u0259k\u0259rli diabetd\u0259n azad olub! <\/strong><br \/><strong>Siz bu \u0259m\u0259liyyata uy\u011fun olub olmamas\u0131n\u0131 bilm\u0259k \u00fc\u00e7\u00fcn el\u0259 indi h\u0259kim\u0259 yaz\u0131n!<\/strong><\/p>\t\t\t\t\t<\/div>\n\t\t\t\t\t\t<\/div>\n\t\t\t\t<\/div>\n\t\t\t\t\t\t<\/div>\n\t\t\t\t\t<\/div>\n\t\t<\/div>\n\t\t\t\t\t\t\t\t<\/div>\n\t\t\t\t\t<\/div>\n\t\t<\/section>\n\t\t\t\t\t\t\t\t\t<\/div>\n\t\t\t<\/div>\n\t\t\t\t\t<\/div>\n\t\t","protected":false},"excerpt":{"rendered":"<p>Mini Gastrik By Pass \u0259m\u0259liyyat\u0131 \u00d6lk\u0259mizd\u0259 geni\u015f yer alan Metabolik-bariatrik \u0259m\u0259liyyat olan Mini Qastrik By Pass \u0259m\u0259liyyat\u0131 is\u0259 mahiyy\u0259t bax\u0131m\u0131ndan f\u0259rqli bir \u0259m\u0259liyyatd\u0131r. &#171;\u015e\u0259k\u0259r \u0259leyhin\u0259 v\u0259 ya Diabet \u0259m\u0259liyyat\u0131&#187; kimi tan\u0131nan bu \u0259m\u0259liyyat ar\u0131qlamaqla b\u0259rab\u0259r ciddi \u015e\u0259k\u0259rli diabet kontroluna malikdir. Bu nec\u0259 ba\u015f verir? M\u0259d\u0259 ki\u00e7iltm\u0259 \u0259m\u0259liyyat\u0131ndan f\u0259rqli olan bu \u0259m\u0259liyyat n\u00f6v\u00fcnd\u0259 m\u0259d\u0259nin ayr\u0131lm\u0131\u015f b\u00f6y\u00fck [&hellip;]<\/p>\n","protected":false},"author":1,"featured_media":0,"parent":0,"menu_order":0,"comment_status":"closed","ping_status":"closed","template":"template\/template-page.php","meta":[],"_links":{"self":[{"href":"https:\/\/medekichiltme.az\/ru\/wp-json\/wp\/v2\/pages\/5784"}],"collection":[{"href":"https:\/\/medekichiltme.az\/ru\/wp-json\/wp\/v2\/pages"}],"about":[{"href":"https:\/\/medekichiltme.az\/ru\/wp-json\/wp\/v2\/types\/page"}],"author":[{"embeddable":true,"href":"https:\/\/medekichiltme.az\/ru\/wp-json\/wp\/v2\/users\/1"}],"replies":[{"embeddable":true,"href":"https:\/\/medekichiltme.az\/ru\/wp-json\/wp\/v2\/comments?post=5784"}],"version-history":[{"count":36,"href":"https:\/\/medekichiltme.az\/ru\/wp-json\/wp\/v2\/pages\/5784\/revisions"}],"predecessor-version":[{"id":6167,"href":"https:\/\/medekichiltme.az\/ru\/wp-json\/wp\/v2\/pages\/5784\/revisions\/6167"}],"wp:attachment":[{"href":"https:\/\/medekichiltme.az\/ru\/wp-json\/wp\/v2\/media?parent=5784"}],"curies":[{"name":"wp","href":"https:\/\/api.w.org\/{rel}","templated":true}]}}