{"id":5819,"date":"2022-06-04T13:07:06","date_gmt":"2022-06-04T13:07:06","guid":{"rendered":"https:\/\/medekichiltme.az\/?page_id=5819"},"modified":"2022-06-15T09:59:56","modified_gmt":"2022-06-15T09:59:56","slug":"emeliyyatdan-evvel","status":"publish","type":"page","link":"https:\/\/medekichiltme.az\/ru\/emeliyyatdan-evvel\/","title":{"rendered":"\u0414\u043e \u043e\u043f\u0435\u0440\u0430\u0446\u0438\u0438"},"content":{"rendered":"\t\t<div data-elementor-type=\"wp-page\" data-elementor-id=\"5819\" class=\"elementor elementor-5819\">\n\t\t\t\t\t\t<div class=\"elementor-inner\">\n\t\t\t\t<div class=\"elementor-section-wrap\">\n\t\t\t\t\t\t\t\t\t<section class=\"elementor-section elementor-top-section elementor-element elementor-element-8ab02ff elementor-section-boxed elementor-section-height-default elementor-section-height-default\" data-id=\"8ab02ff\" data-element_type=\"section\">\n\t\t\t\t\t\t<div class=\"elementor-container elementor-column-gap-default\">\n\t\t\t\t\t\t\t<div class=\"elementor-row\">\n\t\t\t\t\t<div class=\"elementor-column elementor-col-100 elementor-top-column elementor-element elementor-element-5c49e55\" data-id=\"5c49e55\" data-element_type=\"column\">\n\t\t\t<div class=\"elementor-column-wrap elementor-element-populated\">\n\t\t\t\t\t\t\t<div class=\"elementor-widget-wrap\">\n\t\t\t\t\t\t<div class=\"elementor-element elementor-element-65646b5 elementor-widget elementor-widget-spacer\" data-id=\"65646b5\" data-element_type=\"widget\" data-widget_type=\"spacer.default\">\n\t\t\t\t<div class=\"elementor-widget-container\">\n\t\t\t\t\t<div class=\"elementor-spacer\">\n\t\t\t<div class=\"elementor-spacer-inner\"><\/div>\n\t\t<\/div>\n\t\t\t\t<\/div>\n\t\t\t\t<\/div>\n\t\t\t\t\t\t<\/div>\n\t\t\t\t\t<\/div>\n\t\t<\/div>\n\t\t\t\t\t\t\t\t<\/div>\n\t\t\t\t\t<\/div>\n\t\t<\/section>\n\t\t\t\t<section class=\"elementor-section elementor-top-section elementor-element elementor-element-76b9773 elementor-section-boxed elementor-section-height-default elementor-section-height-default\" data-id=\"76b9773\" data-element_type=\"section\">\n\t\t\t\t\t\t<div class=\"elementor-container elementor-column-gap-default\">\n\t\t\t\t\t\t\t<div class=\"elementor-row\">\n\t\t\t\t\t<div class=\"elementor-column elementor-col-100 elementor-top-column elementor-element elementor-element-8f09333\" data-id=\"8f09333\" data-element_type=\"column\">\n\t\t\t<div class=\"elementor-column-wrap elementor-element-populated\">\n\t\t\t\t\t\t\t<div class=\"elementor-widget-wrap\">\n\t\t\t\t\t\t<div class=\"elementor-element elementor-element-6da23b6 elementor-widget elementor-widget-heading\" data-id=\"6da23b6\" data-element_type=\"widget\" data-widget_type=\"heading.default\">\n\t\t\t\t<div class=\"elementor-widget-container\">\n\t\t\t<h2 class=\"elementor-heading-title elementor-size-default\">Kontrol zaman\u0131 apar\u0131lan m\u00fcayin\u0259l\u0259r:<\/h2>\t\t<\/div>\n\t\t\t\t<\/div>\n\t\t\t\t\t\t<\/div>\n\t\t\t\t\t<\/div>\n\t\t<\/div>\n\t\t\t\t\t\t\t\t<\/div>\n\t\t\t\t\t<\/div>\n\t\t<\/section>\n\t\t\t\t<section class=\"elementor-section elementor-top-section elementor-element elementor-element-76cbea6 elementor-section-boxed elementor-section-height-default elementor-section-height-default\" data-id=\"76cbea6\" data-element_type=\"section\">\n\t\t\t\t\t\t<div class=\"elementor-container elementor-column-gap-default\">\n\t\t\t\t\t\t\t<div class=\"elementor-row\">\n\t\t\t\t\t<div class=\"elementor-column elementor-col-100 elementor-top-column elementor-element elementor-element-6a396e6\" data-id=\"6a396e6\" data-element_type=\"column\">\n\t\t\t<div class=\"elementor-column-wrap elementor-element-populated\">\n\t\t\t\t\t\t\t<div class=\"elementor-widget-wrap\">\n\t\t\t\t\t\t<div class=\"elementor-element elementor-element-b25182b elementor-widget elementor-widget-heading\" data-id=\"b25182b\" data-element_type=\"widget\" data-widget_type=\"heading.default\">\n\t\t\t\t<div class=\"elementor-widget-container\">\n\t\t\t<h3 class=\"elementor-heading-title elementor-size-default\">\u018fm\u0259liyyatdan \u0259vv\u0259l apar\u0131lan m\u00fcayin\u0259l\u0259r<\/h3>\t\t<\/div>\n\t\t\t\t<\/div>\n\t\t\t\t<div class=\"elementor-element elementor-element-663295c elementor-widget elementor-widget-text-editor\" data-id=\"663295c\" data-element_type=\"widget\" data-widget_type=\"text-editor.default\">\n\t\t\t\t<div class=\"elementor-widget-container\">\n\t\t\t\t\t\t\t\t<div class=\"elementor-text-editor elementor-clearfix\">\n\t\t\t\t<p><span style=\"font-size: 18px;\">1. Qan\u0131n \u00fcm\u00fcmi analizi<br \/>2. Qan\u0131n biokimy\u0259vi analizi: ALT, AST, GGT, \u00fcmumi bilirubin, d\u00fcz v\u0259 qeyri-d\u00fcz bilirubin, LDL, HDL, trigliseridl\u0259r, ferritin, ql\u00fckoza, qlikohemoqlobin, TSH, kortizol, xolesterin, kreatinin, CRP, TSh, T4(s\u0259rb\u0259st), sidik c\u00f6vh\u0259ri(UREA)<br \/>3. Qan\u0131n laxtalanmas\u0131: \u0130NR, APTT, protrombin m\u00fcdd\u0259ti<br \/>4. Qanda infeksiyalar: Hepatit B, Hepatit C, Spid, Sifilis<br \/>5. Qan qrupu v\u0259 rezus faktoru<br \/>6. \u00dcr\u0259yin elektrokardioqrafiyas\u0131(EKQ), \u00fcr\u0259yin ultras\u0259s doppler m\u00fcayin\u0259si(EXO)<br \/>7. A\u011f ciy\u0259rl\u0259rin Rentgenoskopiyas\u0131<br \/>8. Qar\u0131n bo\u015flu\u011funun Ultras\u0259s m\u00fcayin\u0259si<br \/>9. M\u0259d\u0259nin qastroskopiyas\u0131<\/span><\/p>\t\t\t\t\t<\/div>\n\t\t\t\t\t\t<\/div>\n\t\t\t\t<\/div>\n\t\t\t\t\t\t<\/div>\n\t\t\t\t\t<\/div>\n\t\t<\/div>\n\t\t\t\t\t\t\t\t<\/div>\n\t\t\t\t\t<\/div>\n\t\t<\/section>\n\t\t\t\t\t\t\t\t\t<\/div>\n\t\t\t<\/div>\n\t\t\t\t\t<\/div>\n\t\t","protected":false},"excerpt":{"rendered":"<p>Kontrol zaman\u0131 apar\u0131lan m\u00fcayin\u0259l\u0259r: \u018fm\u0259liyyatdan \u0259vv\u0259l apar\u0131lan m\u00fcayin\u0259l\u0259r 1. Qan\u0131n \u00fcm\u00fcmi analizi 2. Qan\u0131n biokimy\u0259vi analizi: ALT, AST, GGT, \u00fcmumi bilirubin, d\u00fcz v\u0259 qeyri-d\u00fcz bilirubin, LDL, HDL, trigliseridl\u0259r, ferritin, ql\u00fckoza, qlikohemoqlobin, TSH, kortizol, xolesterin, kreatinin, CRP, TSh, T4(s\u0259rb\u0259st), sidik c\u00f6vh\u0259ri(UREA) 3. Qan\u0131n laxtalanmas\u0131: \u0130NR, APTT, protrombin m\u00fcdd\u0259ti 4. Qanda infeksiyalar: Hepatit B, Hepatit C, Spid, [&hellip;]<\/p>\n","protected":false},"author":1,"featured_media":0,"parent":0,"menu_order":0,"comment_status":"closed","ping_status":"closed","template":"template\/template-page.php","meta":[],"_links":{"self":[{"href":"https:\/\/medekichiltme.az\/ru\/wp-json\/wp\/v2\/pages\/5819"}],"collection":[{"href":"https:\/\/medekichiltme.az\/ru\/wp-json\/wp\/v2\/pages"}],"about":[{"href":"https:\/\/medekichiltme.az\/ru\/wp-json\/wp\/v2\/types\/page"}],"author":[{"embeddable":true,"href":"https:\/\/medekichiltme.az\/ru\/wp-json\/wp\/v2\/users\/1"}],"replies":[{"embeddable":true,"href":"https:\/\/medekichiltme.az\/ru\/wp-json\/wp\/v2\/comments?post=5819"}],"version-history":[{"count":15,"href":"https:\/\/medekichiltme.az\/ru\/wp-json\/wp\/v2\/pages\/5819\/revisions"}],"predecessor-version":[{"id":6168,"href":"https:\/\/medekichiltme.az\/ru\/wp-json\/wp\/v2\/pages\/5819\/revisions\/6168"}],"wp:attachment":[{"href":"https:\/\/medekichiltme.az\/ru\/wp-json\/wp\/v2\/media?parent=5819"}],"curies":[{"name":"wp","href":"https:\/\/api.w.org\/{rel}","templated":true}]}}