{"id":5833,"date":"2022-06-04T13:17:55","date_gmt":"2022-06-04T13:17:55","guid":{"rendered":"https:\/\/medekichiltme.az\/?page_id=5833"},"modified":"2022-06-15T10:00:18","modified_gmt":"2022-06-15T10:00:18","slug":"emeliyyatdan-sonra","status":"publish","type":"page","link":"https:\/\/medekichiltme.az\/ru\/emeliyyatdan-sonra\/","title":{"rendered":"\u041f\u043e\u0441\u043b\u0435 \u043e\u043f\u0435\u0440\u0430\u0446\u0438\u0438"},"content":{"rendered":"\t\t<div data-elementor-type=\"wp-page\" data-elementor-id=\"5833\" class=\"elementor elementor-5833\">\n\t\t\t\t\t\t<div class=\"elementor-inner\">\n\t\t\t\t<div class=\"elementor-section-wrap\">\n\t\t\t\t\t\t\t\t\t<section class=\"elementor-section elementor-top-section elementor-element elementor-element-dd505a3 elementor-section-boxed elementor-section-height-default elementor-section-height-default\" data-id=\"dd505a3\" data-element_type=\"section\">\n\t\t\t\t\t\t<div class=\"elementor-container elementor-column-gap-default\">\n\t\t\t\t\t\t\t<div class=\"elementor-row\">\n\t\t\t\t\t<div class=\"elementor-column elementor-col-100 elementor-top-column elementor-element elementor-element-8ee782d\" data-id=\"8ee782d\" data-element_type=\"column\">\n\t\t\t<div class=\"elementor-column-wrap elementor-element-populated\">\n\t\t\t\t\t\t\t<div class=\"elementor-widget-wrap\">\n\t\t\t\t\t\t<div class=\"elementor-element elementor-element-fb9f21f elementor-widget elementor-widget-spacer\" data-id=\"fb9f21f\" data-element_type=\"widget\" data-widget_type=\"spacer.default\">\n\t\t\t\t<div class=\"elementor-widget-container\">\n\t\t\t\t\t<div class=\"elementor-spacer\">\n\t\t\t<div class=\"elementor-spacer-inner\"><\/div>\n\t\t<\/div>\n\t\t\t\t<\/div>\n\t\t\t\t<\/div>\n\t\t\t\t\t\t<\/div>\n\t\t\t\t\t<\/div>\n\t\t<\/div>\n\t\t\t\t\t\t\t\t<\/div>\n\t\t\t\t\t<\/div>\n\t\t<\/section>\n\t\t\t\t<section class=\"elementor-section elementor-top-section elementor-element elementor-element-1c73395 elementor-section-boxed elementor-section-height-default elementor-section-height-default\" data-id=\"1c73395\" data-element_type=\"section\">\n\t\t\t\t\t\t<div class=\"elementor-container elementor-column-gap-default\">\n\t\t\t\t\t\t\t<div class=\"elementor-row\">\n\t\t\t\t\t<div class=\"elementor-column elementor-col-33 elementor-top-column elementor-element elementor-element-4a785fa\" data-id=\"4a785fa\" data-element_type=\"column\">\n\t\t\t<div class=\"elementor-column-wrap elementor-element-populated\">\n\t\t\t\t\t\t\t<div class=\"elementor-widget-wrap\">\n\t\t\t\t\t\t<div class=\"elementor-element elementor-element-355e045 elementor-widget elementor-widget-heading\" data-id=\"355e045\" data-element_type=\"widget\" data-widget_type=\"heading.default\">\n\t\t\t\t<div class=\"elementor-widget-container\">\n\t\t\t<h3 class=\"elementor-heading-title elementor-size-default\">1-ci v\u0259 3-c\u00fc ay\u0131n sonunda:<\/h3>\t\t<\/div>\n\t\t\t\t<\/div>\n\t\t\t\t\t\t<\/div>\n\t\t\t\t\t<\/div>\n\t\t<\/div>\n\t\t\t\t<div class=\"elementor-column elementor-col-66 elementor-top-column elementor-element elementor-element-c508ed2\" data-id=\"c508ed2\" data-element_type=\"column\">\n\t\t\t<div class=\"elementor-column-wrap elementor-element-populated\">\n\t\t\t\t\t\t\t<div class=\"elementor-widget-wrap\">\n\t\t\t\t\t\t<div class=\"elementor-element elementor-element-1ba721b elementor-widget elementor-widget-text-editor\" data-id=\"1ba721b\" data-element_type=\"widget\" data-widget_type=\"text-editor.default\">\n\t\t\t\t<div class=\"elementor-widget-container\">\n\t\t\t\t\t\t\t\t<div class=\"elementor-text-editor elementor-clearfix\">\n\t\t\t\t<p><strong>Qanin umumi analizi, ALT, AST, CRP, GGT, Bilirubin fraksiyalari, Ferrum, feirritin, umumi zulal, Sheker, Glikohemoglobin, Vitamin D, Vitamin B12, Kalsium, qar\u0131n bo\u015flu\u011funun ultras\u0259s m\u00fcayin\u0259si<\/strong><\/p>\t\t\t\t\t<\/div>\n\t\t\t\t\t\t<\/div>\n\t\t\t\t<\/div>\n\t\t\t\t\t\t<\/div>\n\t\t\t\t\t<\/div>\n\t\t<\/div>\n\t\t\t\t\t\t\t\t<\/div>\n\t\t\t\t\t<\/div>\n\t\t<\/section>\n\t\t\t\t<section class=\"elementor-section elementor-top-section elementor-element elementor-element-1a3d766 elementor-section-boxed elementor-section-height-default elementor-section-height-default\" data-id=\"1a3d766\" data-element_type=\"section\">\n\t\t\t\t\t\t<div class=\"elementor-container elementor-column-gap-default\">\n\t\t\t\t\t\t\t<div class=\"elementor-row\">\n\t\t\t\t\t<div class=\"elementor-column elementor-col-33 elementor-top-column elementor-element elementor-element-f997345\" data-id=\"f997345\" data-element_type=\"column\">\n\t\t\t<div class=\"elementor-column-wrap elementor-element-populated\">\n\t\t\t\t\t\t\t<div class=\"elementor-widget-wrap\">\n\t\t\t\t\t\t<div class=\"elementor-element elementor-element-012087c elementor-widget elementor-widget-heading\" data-id=\"012087c\" data-element_type=\"widget\" data-widget_type=\"heading.default\">\n\t\t\t\t<div class=\"elementor-widget-container\">\n\t\t\t<h3 class=\"elementor-heading-title elementor-size-default\">6-ci ay\u0131n sonunda: <\/h3>\t\t<\/div>\n\t\t\t\t<\/div>\n\t\t\t\t\t\t<\/div>\n\t\t\t\t\t<\/div>\n\t\t<\/div>\n\t\t\t\t<div class=\"elementor-column elementor-col-66 elementor-top-column elementor-element elementor-element-d0b1885\" data-id=\"d0b1885\" data-element_type=\"column\">\n\t\t\t<div class=\"elementor-column-wrap elementor-element-populated\">\n\t\t\t\t\t\t\t<div class=\"elementor-widget-wrap\">\n\t\t\t\t\t\t<div class=\"elementor-element elementor-element-1316ff8 elementor-widget elementor-widget-text-editor\" data-id=\"1316ff8\" data-element_type=\"widget\" data-widget_type=\"text-editor.default\">\n\t\t\t\t<div class=\"elementor-widget-container\">\n\t\t\t\t\t\t\t\t<div class=\"elementor-text-editor elementor-clearfix\">\n\t\t\t\t<p><strong>Qan\u0131n umumi analizi, ALT, AST, CRP, GGT, Bilirubin fraksiyalari, Ferrum, feirritin, umumi zulal, Sheker, Glikohemoglobin, Vitamin D, Vitamin B12, Kalsium, qar\u0131n bo\u015flu\u011funun ultras\u0259s m\u00fcayin\u0259si+M\u0259d\u0259nin kontrast Rentgenoqrafiyas\u0131<\/strong><\/p>\t\t\t\t\t<\/div>\n\t\t\t\t\t\t<\/div>\n\t\t\t\t<\/div>\n\t\t\t\t\t\t<\/div>\n\t\t\t\t\t<\/div>\n\t\t<\/div>\n\t\t\t\t\t\t\t\t<\/div>\n\t\t\t\t\t<\/div>\n\t\t<\/section>\n\t\t\t\t<section class=\"elementor-section elementor-top-section elementor-element elementor-element-92aca09 elementor-section-boxed elementor-section-height-default elementor-section-height-default\" data-id=\"92aca09\" data-element_type=\"section\">\n\t\t\t\t\t\t<div class=\"elementor-container elementor-column-gap-default\">\n\t\t\t\t\t\t\t<div class=\"elementor-row\">\n\t\t\t\t\t<div class=\"elementor-column elementor-col-33 elementor-top-column elementor-element elementor-element-11cb8a9\" data-id=\"11cb8a9\" data-element_type=\"column\">\n\t\t\t<div class=\"elementor-column-wrap elementor-element-populated\">\n\t\t\t\t\t\t\t<div class=\"elementor-widget-wrap\">\n\t\t\t\t\t\t<div class=\"elementor-element elementor-element-524e83a elementor-widget elementor-widget-heading\" data-id=\"524e83a\" data-element_type=\"widget\" data-widget_type=\"heading.default\">\n\t\t\t\t<div class=\"elementor-widget-container\">\n\t\t\t<h3 class=\"elementor-heading-title elementor-size-default\">12-ci ay\u0131n sonunda:<\/h3>\t\t<\/div>\n\t\t\t\t<\/div>\n\t\t\t\t\t\t<\/div>\n\t\t\t\t\t<\/div>\n\t\t<\/div>\n\t\t\t\t<div class=\"elementor-column elementor-col-66 elementor-top-column elementor-element elementor-element-e3b7394\" data-id=\"e3b7394\" data-element_type=\"column\">\n\t\t\t<div class=\"elementor-column-wrap elementor-element-populated\">\n\t\t\t\t\t\t\t<div class=\"elementor-widget-wrap\">\n\t\t\t\t\t\t<div class=\"elementor-element elementor-element-2804f53 elementor-widget elementor-widget-text-editor\" data-id=\"2804f53\" data-element_type=\"widget\" data-widget_type=\"text-editor.default\">\n\t\t\t\t<div class=\"elementor-widget-container\">\n\t\t\t\t\t\t\t\t<div class=\"elementor-text-editor elementor-clearfix\">\n\t\t\t\t<p><strong>Qan\u0131n umumi analizi, ALT, AST, CRP, GGT, Bilirubin fraksiyalari, Ferrum, feirritin, umumi zulal, Sheker, Glikohemoglobin, Vitamin D, Vitamin B12, Kalsium, qar\u0131n bo\u015flu\u011funun ultras\u0259s m\u00fcayin\u0259si<\/strong><\/p>\t\t\t\t\t<\/div>\n\t\t\t\t\t\t<\/div>\n\t\t\t\t<\/div>\n\t\t\t\t\t\t<\/div>\n\t\t\t\t\t<\/div>\n\t\t<\/div>\n\t\t\t\t\t\t\t\t<\/div>\n\t\t\t\t\t<\/div>\n\t\t<\/section>\n\t\t\t\t<section class=\"elementor-section elementor-top-section elementor-element elementor-element-c4bb2df elementor-section-boxed elementor-section-height-default elementor-section-height-default\" data-id=\"c4bb2df\" data-element_type=\"section\">\n\t\t\t\t\t\t<div class=\"elementor-container elementor-column-gap-default\">\n\t\t\t\t\t\t\t<div class=\"elementor-row\">\n\t\t\t\t\t<div class=\"elementor-column elementor-col-100 elementor-top-column elementor-element elementor-element-4373759\" data-id=\"4373759\" data-element_type=\"column\">\n\t\t\t<div class=\"elementor-column-wrap elementor-element-populated\">\n\t\t\t\t\t\t\t<div class=\"elementor-widget-wrap\">\n\t\t\t\t\t\t<div class=\"elementor-element elementor-element-8ec9db5 elementor-widget elementor-widget-heading\" data-id=\"8ec9db5\" data-element_type=\"widget\" data-widget_type=\"heading.default\">\n\t\t\t\t<div class=\"elementor-widget-container\">\n\t\t\t<h2 class=\"elementor-heading-title elementor-size-default\">H\u0259kim kontroluna g\u0259lm\u0259yi unutmay\u0131n!<\/h2>\t\t<\/div>\n\t\t\t\t<\/div>\n\t\t\t\t\t\t<\/div>\n\t\t\t\t\t<\/div>\n\t\t<\/div>\n\t\t\t\t\t\t\t\t<\/div>\n\t\t\t\t\t<\/div>\n\t\t<\/section>\n\t\t\t\t\t\t\t\t\t<\/div>\n\t\t\t<\/div>\n\t\t\t\t\t<\/div>\n\t\t","protected":false},"excerpt":{"rendered":"<p>1-ci v\u0259 3-c\u00fc ay\u0131n sonunda: Qanin umumi analizi, ALT, AST, CRP, GGT, Bilirubin fraksiyalari, Ferrum, feirritin, umumi zulal, Sheker, Glikohemoglobin, Vitamin D, Vitamin B12, Kalsium, qar\u0131n bo\u015flu\u011funun ultras\u0259s m\u00fcayin\u0259si 6-ci ay\u0131n sonunda: Qan\u0131n umumi analizi, ALT, AST, CRP, GGT, Bilirubin fraksiyalari, Ferrum, feirritin, umumi zulal, Sheker, Glikohemoglobin, Vitamin D, Vitamin B12, Kalsium, qar\u0131n bo\u015flu\u011funun ultras\u0259s [&hellip;]<\/p>\n","protected":false},"author":1,"featured_media":0,"parent":0,"menu_order":0,"comment_status":"closed","ping_status":"closed","template":"template\/template-page.php","meta":[],"_links":{"self":[{"href":"https:\/\/medekichiltme.az\/ru\/wp-json\/wp\/v2\/pages\/5833"}],"collection":[{"href":"https:\/\/medekichiltme.az\/ru\/wp-json\/wp\/v2\/pages"}],"about":[{"href":"https:\/\/medekichiltme.az\/ru\/wp-json\/wp\/v2\/types\/page"}],"author":[{"embeddable":true,"href":"https:\/\/medekichiltme.az\/ru\/wp-json\/wp\/v2\/users\/1"}],"replies":[{"embeddable":true,"href":"https:\/\/medekichiltme.az\/ru\/wp-json\/wp\/v2\/comments?post=5833"}],"version-history":[{"count":12,"href":"https:\/\/medekichiltme.az\/ru\/wp-json\/wp\/v2\/pages\/5833\/revisions"}],"predecessor-version":[{"id":6169,"href":"https:\/\/medekichiltme.az\/ru\/wp-json\/wp\/v2\/pages\/5833\/revisions\/6169"}],"wp:attachment":[{"href":"https:\/\/medekichiltme.az\/ru\/wp-json\/wp\/v2\/media?parent=5833"}],"curies":[{"name":"wp","href":"https:\/\/api.w.org\/{rel}","templated":true}]}}